{"id":37,"date":"2018-03-15T16:21:23","date_gmt":"2018-03-15T15:21:23","guid":{"rendered":"http:\/\/stefanflach.de\/etb\/wordpress\/?page_id=37"},"modified":"2025-02-06T17:33:34","modified_gmt":"2025-02-06T16:33:34","slug":"raeume-grundrisse","status":"publish","type":"page","link":"https:\/\/eigelsteintorburg.de\/wp\/raeume-grundrisse\/","title":{"rendered":"R\u00e4ume \/ Grundrisse"},"content":{"rendered":"\n<p>In der Eigelsteintorburg stehen Ihnen drei Veranstaltungsr\u00e4ume mit insgesamt 145 qm zur Verf\u00fcgung. Die R\u00e4ume befinden sich in der ersten Etage. Der \u00fcber dem Torbogen gelegene Saal mit Blick \u00fcber den Eigelstein zum Dom wird von zwei halbrunden Turmr\u00e4umen flankiert. <\/p>\n\n\n\n<p>Die R\u00e4ume sind wegen Denkmalschutz nicht barrierefrei \u2013 es gibt keinen Aufzug und die Toiletten befinden sich im dritten Stock.<\/p>\n\n\n\n<h3 class=\"wp-block-heading\">Neue Klimaanlage<\/h3>\n\n\n\n<p>F\u00fcr Sommertage und -N\u00e4chte steht eine Klimaanlage zur Verf\u00fcgung, die in unseren R\u00e4umlichkeiten nicht nur die Luft austauscht, sondern auch herunter k\u00fchlt, um eine angenehme Atmosph\u00e4re zu schaffen.<\/p>\n\n\n\n<p><\/p>\n\n\n\n<h3 class=\"wp-block-heading\">Grundriss<\/h3>\n\n\n\n<figure class=\"wp-block-image\"><img loading=\"lazy\" decoding=\"async\" width=\"1200\" height=\"600\" data-attachment-id=\"525\" data-permalink=\"https:\/\/eigelsteintorburg.de\/wp\/raeume-grundrisse\/eigelsteintorburg_grundriss\/\" data-orig-file=\"https:\/\/eigelsteintorburg.de\/wp\/wp-content\/uploads\/2018\/07\/Eigelsteintorburg_Grundriss.png\" data-orig-size=\"1200,600\" data-comments-opened=\"0\" data-image-meta=\"{&quot;aperture&quot;:&quot;0&quot;,&quot;credit&quot;:&quot;&quot;,&quot;camera&quot;:&quot;&quot;,&quot;caption&quot;:&quot;&quot;,&quot;created_timestamp&quot;:&quot;0&quot;,&quot;copyright&quot;:&quot;&quot;,&quot;focal_length&quot;:&quot;0&quot;,&quot;iso&quot;:&quot;0&quot;,&quot;shutter_speed&quot;:&quot;0&quot;,&quot;title&quot;:&quot;&quot;,&quot;orientation&quot;:&quot;0&quot;}\" data-image-title=\"Eigelsteintorburg_Grundriss\" data-image-description=\"\" data-image-caption=\"\" data-medium-file=\"https:\/\/eigelsteintorburg.de\/wp\/wp-content\/uploads\/2018\/07\/Eigelsteintorburg_Grundriss-300x150.png\" data-large-file=\"https:\/\/eigelsteintorburg.de\/wp\/wp-content\/uploads\/2018\/07\/Eigelsteintorburg_Grundriss-1024x512.png\" src=\"http:\/\/eigelsteintorburg.de\/wp\/wp-content\/uploads\/2018\/07\/Eigelsteintorburg_Grundriss.png\" alt=\"\" class=\"wp-image-525\" srcset=\"https:\/\/eigelsteintorburg.de\/wp\/wp-content\/uploads\/2018\/07\/Eigelsteintorburg_Grundriss.png 1200w, https:\/\/eigelsteintorburg.de\/wp\/wp-content\/uploads\/2018\/07\/Eigelsteintorburg_Grundriss-300x150.png 300w, https:\/\/eigelsteintorburg.de\/wp\/wp-content\/uploads\/2018\/07\/Eigelsteintorburg_Grundriss-768x384.png 768w, https:\/\/eigelsteintorburg.de\/wp\/wp-content\/uploads\/2018\/07\/Eigelsteintorburg_Grundriss-1024x512.png 1024w, https:\/\/eigelsteintorburg.de\/wp\/wp-content\/uploads\/2018\/07\/Eigelsteintorburg_Grundriss-1000x500.png 1000w, https:\/\/eigelsteintorburg.de\/wp\/wp-content\/uploads\/2018\/07\/Eigelsteintorburg_Grundriss-676x338.png 676w\" sizes=\"auto, (max-width: 1200px) 100vw, 1200px\" \/><\/figure>\n\n\n\n<p><\/p>\n\n\n\n<p>Saal\/Ostturm (60 qm\/45 qm)<br>Westturm (40 qm)<\/p>\n\n\n\n<hr class=\"wp-block-separator has-alpha-channel-opacity\"\/>\n\n\n\n<figure class=\"wp-block-image alignnone wp-image-592 size-full\"><img loading=\"lazy\" decoding=\"async\" width=\"1220\" height=\"915\" data-attachment-id=\"592\" data-permalink=\"https:\/\/eigelsteintorburg.de\/wp\/raeume-grundrisse\/eigelsteintorburg_saal_leer\/\" data-orig-file=\"https:\/\/eigelsteintorburg.de\/wp\/wp-content\/uploads\/2018\/09\/Eigelsteintorburg_Saal_leer.jpg\" data-orig-size=\"1220,915\" data-comments-opened=\"0\" data-image-meta=\"{&quot;aperture&quot;:&quot;0&quot;,&quot;credit&quot;:&quot;&quot;,&quot;camera&quot;:&quot;&quot;,&quot;caption&quot;:&quot;&quot;,&quot;created_timestamp&quot;:&quot;0&quot;,&quot;copyright&quot;:&quot;&quot;,&quot;focal_length&quot;:&quot;0&quot;,&quot;iso&quot;:&quot;0&quot;,&quot;shutter_speed&quot;:&quot;0&quot;,&quot;title&quot;:&quot;&quot;,&quot;orientation&quot;:&quot;1&quot;}\" data-image-title=\"Eigelsteintorburg_Saal_leer\" data-image-description=\"\" data-image-caption=\"\" data-medium-file=\"https:\/\/eigelsteintorburg.de\/wp\/wp-content\/uploads\/2018\/09\/Eigelsteintorburg_Saal_leer-300x225.jpg\" data-large-file=\"https:\/\/eigelsteintorburg.de\/wp\/wp-content\/uploads\/2018\/09\/Eigelsteintorburg_Saal_leer-1024x768.jpg\" src=\"http:\/\/eigelsteintorburg.de\/wp\/wp-content\/uploads\/2018\/09\/Eigelsteintorburg_Saal_leer.jpg\" alt=\"\" class=\"wp-image-592\" srcset=\"https:\/\/eigelsteintorburg.de\/wp\/wp-content\/uploads\/2018\/09\/Eigelsteintorburg_Saal_leer.jpg 1220w, https:\/\/eigelsteintorburg.de\/wp\/wp-content\/uploads\/2018\/09\/Eigelsteintorburg_Saal_leer-300x225.jpg 300w, https:\/\/eigelsteintorburg.de\/wp\/wp-content\/uploads\/2018\/09\/Eigelsteintorburg_Saal_leer-768x576.jpg 768w, https:\/\/eigelsteintorburg.de\/wp\/wp-content\/uploads\/2018\/09\/Eigelsteintorburg_Saal_leer-1024x768.jpg 1024w, https:\/\/eigelsteintorburg.de\/wp\/wp-content\/uploads\/2018\/09\/Eigelsteintorburg_Saal_leer-1000x750.jpg 1000w, https:\/\/eigelsteintorburg.de\/wp\/wp-content\/uploads\/2018\/09\/Eigelsteintorburg_Saal_leer-676x507.jpg 676w\" sizes=\"auto, (max-width: 1220px) 100vw, 1220px\" \/><figcaption class=\"wp-element-caption\">Blick in den Saal<\/figcaption><\/figure>\n\n\n\n<hr class=\"wp-block-separator has-alpha-channel-opacity\"\/>\n\n\n\n<figure class=\"wp-block-image alignnone size-full wp-image-594\"><img loading=\"lazy\" decoding=\"async\" width=\"588\" height=\"929\" data-attachment-id=\"594\" data-permalink=\"https:\/\/eigelsteintorburg.de\/wp\/raeume-grundrisse\/eigelsteintorburg_saal_leer_02\/\" data-orig-file=\"https:\/\/eigelsteintorburg.de\/wp\/wp-content\/uploads\/2018\/09\/Eigelsteintorburg_Saal_leer_02.jpg\" data-orig-size=\"588,929\" data-comments-opened=\"0\" data-image-meta=\"{&quot;aperture&quot;:&quot;0&quot;,&quot;credit&quot;:&quot;&quot;,&quot;camera&quot;:&quot;&quot;,&quot;caption&quot;:&quot;&quot;,&quot;created_timestamp&quot;:&quot;0&quot;,&quot;copyright&quot;:&quot;&quot;,&quot;focal_length&quot;:&quot;0&quot;,&quot;iso&quot;:&quot;0&quot;,&quot;shutter_speed&quot;:&quot;0&quot;,&quot;title&quot;:&quot;&quot;,&quot;orientation&quot;:&quot;1&quot;}\" data-image-title=\"Eigelsteintorburg_Saal_leer_02\" data-image-description=\"\" data-image-caption=\"&lt;p&gt;Blick in den Saal und den Ostturm&lt;\/p&gt;\n\" data-medium-file=\"https:\/\/eigelsteintorburg.de\/wp\/wp-content\/uploads\/2018\/09\/Eigelsteintorburg_Saal_leer_02-190x300.jpg\" data-large-file=\"https:\/\/eigelsteintorburg.de\/wp\/wp-content\/uploads\/2018\/09\/Eigelsteintorburg_Saal_leer_02.jpg\" src=\"http:\/\/eigelsteintorburg.de\/wp\/wp-content\/uploads\/2018\/09\/Eigelsteintorburg_Saal_leer_02.jpg\" alt=\"\" class=\"wp-image-594\" srcset=\"https:\/\/eigelsteintorburg.de\/wp\/wp-content\/uploads\/2018\/09\/Eigelsteintorburg_Saal_leer_02.jpg 588w, https:\/\/eigelsteintorburg.de\/wp\/wp-content\/uploads\/2018\/09\/Eigelsteintorburg_Saal_leer_02-190x300.jpg 190w\" sizes=\"auto, (max-width: 588px) 100vw, 588px\" \/><figcaption class=\"wp-element-caption\">Blick in den Saal und den Ostturm<\/figcaption><\/figure>\n\n\n\n<hr class=\"wp-block-separator has-alpha-channel-opacity\"\/>\n\n\n\n<figure class=\"wp-block-image alignnone size-full wp-image-597\"><img loading=\"lazy\" decoding=\"async\" width=\"591\" height=\"887\" data-attachment-id=\"597\" data-permalink=\"https:\/\/eigelsteintorburg.de\/wp\/raeume-grundrisse\/eigelsteintorburg_kueche\/\" data-orig-file=\"https:\/\/eigelsteintorburg.de\/wp\/wp-content\/uploads\/2018\/09\/Eigelsteintorburg_Kueche.jpg\" data-orig-size=\"591,887\" data-comments-opened=\"0\" data-image-meta=\"{&quot;aperture&quot;:&quot;0&quot;,&quot;credit&quot;:&quot;&quot;,&quot;camera&quot;:&quot;&quot;,&quot;caption&quot;:&quot;&quot;,&quot;created_timestamp&quot;:&quot;0&quot;,&quot;copyright&quot;:&quot;&quot;,&quot;focal_length&quot;:&quot;0&quot;,&quot;iso&quot;:&quot;0&quot;,&quot;shutter_speed&quot;:&quot;0&quot;,&quot;title&quot;:&quot;&quot;,&quot;orientation&quot;:&quot;1&quot;}\" data-image-title=\"Eigelsteintorburg_Kueche\" data-image-description=\"\" data-image-caption=\"&lt;p&gt;Blick in die K\u00fcche&lt;\/p&gt;\n\" data-medium-file=\"https:\/\/eigelsteintorburg.de\/wp\/wp-content\/uploads\/2018\/09\/Eigelsteintorburg_Kueche-200x300.jpg\" data-large-file=\"https:\/\/eigelsteintorburg.de\/wp\/wp-content\/uploads\/2018\/09\/Eigelsteintorburg_Kueche.jpg\" src=\"http:\/\/eigelsteintorburg.de\/wp\/wp-content\/uploads\/2018\/09\/Eigelsteintorburg_Kueche.jpg\" alt=\"\" class=\"wp-image-597\" srcset=\"https:\/\/eigelsteintorburg.de\/wp\/wp-content\/uploads\/2018\/09\/Eigelsteintorburg_Kueche.jpg 591w, https:\/\/eigelsteintorburg.de\/wp\/wp-content\/uploads\/2018\/09\/Eigelsteintorburg_Kueche-200x300.jpg 200w\" sizes=\"auto, (max-width: 591px) 100vw, 591px\" \/><figcaption class=\"wp-element-caption\">Blick in die K\u00fcche<\/figcaption><\/figure>\n\n\n\n<hr class=\"wp-block-separator has-alpha-channel-opacity\"\/>\n\n\n\n<figure class=\"wp-block-image alignnone wp-image-710 size-full\"><img loading=\"lazy\" decoding=\"async\" width=\"2000\" height=\"1593\" data-attachment-id=\"710\" data-permalink=\"https:\/\/eigelsteintorburg.de\/wp\/galerie\/eigelsteintorburg-5\/\" data-orig-file=\"https:\/\/eigelsteintorburg.de\/wp\/wp-content\/uploads\/2019\/04\/EigelsteintorburgDWC_02.jpg\" data-orig-size=\"2000,1593\" data-comments-opened=\"0\" data-image-meta=\"{&quot;aperture&quot;:&quot;0&quot;,&quot;credit&quot;:&quot;Hausberg, Axel&quot;,&quot;camera&quot;:&quot;D24400&quot;,&quot;caption&quot;:&quot;Ausgangsmaterial\/Base material: digital [\\u00a9(c)Axel Hausberg\\rVeroeffentlichung nur gegen Honorar, Urhebervermerk und Beleg \/ permission required for reproduction, mention of copyright, complimentary copy;&quot;,&quot;created_timestamp&quot;:&quot;-62169984000&quot;,&quot;copyright&quot;:&quot;Hausberg, Axel&quot;,&quot;focal_length&quot;:&quot;0&quot;,&quot;iso&quot;:&quot;0&quot;,&quot;shutter_speed&quot;:&quot;0&quot;,&quot;title&quot;:&quot;Eigelsteintorburg&quot;,&quot;orientation&quot;:&quot;1&quot;}\" data-image-title=\"Eigelsteintorburg\" data-image-description=\"\" data-image-caption=\"&lt;p&gt;Damentoilette&lt;\/p&gt;\n\" data-medium-file=\"https:\/\/eigelsteintorburg.de\/wp\/wp-content\/uploads\/2019\/04\/EigelsteintorburgDWC_02-300x239.jpg\" data-large-file=\"https:\/\/eigelsteintorburg.de\/wp\/wp-content\/uploads\/2019\/04\/EigelsteintorburgDWC_02-1024x816.jpg\" src=\"http:\/\/eigelsteintorburg.de\/wp\/wp-content\/uploads\/2019\/04\/EigelsteintorburgDWC_02.jpg\" alt=\"\" class=\"wp-image-710\" srcset=\"https:\/\/eigelsteintorburg.de\/wp\/wp-content\/uploads\/2019\/04\/EigelsteintorburgDWC_02.jpg 2000w, https:\/\/eigelsteintorburg.de\/wp\/wp-content\/uploads\/2019\/04\/EigelsteintorburgDWC_02-300x239.jpg 300w, https:\/\/eigelsteintorburg.de\/wp\/wp-content\/uploads\/2019\/04\/EigelsteintorburgDWC_02-768x612.jpg 768w, https:\/\/eigelsteintorburg.de\/wp\/wp-content\/uploads\/2019\/04\/EigelsteintorburgDWC_02-1024x816.jpg 1024w, https:\/\/eigelsteintorburg.de\/wp\/wp-content\/uploads\/2019\/04\/EigelsteintorburgDWC_02-1000x797.jpg 1000w, https:\/\/eigelsteintorburg.de\/wp\/wp-content\/uploads\/2019\/04\/EigelsteintorburgDWC_02-1800x1434.jpg 1800w, https:\/\/eigelsteintorburg.de\/wp\/wp-content\/uploads\/2019\/04\/EigelsteintorburgDWC_02-676x538.jpg 676w\" sizes=\"auto, (max-width: 2000px) 100vw, 2000px\" \/><figcaption class=\"wp-element-caption\">Damentoilette<\/figcaption><\/figure>\n","protected":false},"excerpt":{"rendered":"<p>In der Eigelsteintorburg stehen Ihnen drei Veranstaltungsr\u00e4ume mit insgesamt 145 qm zur Verf\u00fcgung. Die R\u00e4ume befinden sich in der ersten Etage. Der \u00fcber dem Torbogen gelegene Saal mit Blick \u00fcber den Eigelstein zum Dom wird von zwei halbrunden Turmr\u00e4umen flankiert. Die R\u00e4ume sind wegen Denkmalschutz nicht barrierefrei \u2013 es gibt keinen Aufzug und die Toiletten [&hellip;]<\/p>\n","protected":false},"author":1,"featured_media":0,"parent":0,"menu_order":0,"comment_status":"closed","ping_status":"closed","template":"","meta":{"footnotes":""},"class_list":["post-37","page","type-page","status-publish","hentry","post-preview"],"jetpack_sharing_enabled":true,"jetpack_shortlink":"https:\/\/wp.me\/P9Q4RE-B","_links":{"self":[{"href":"https:\/\/eigelsteintorburg.de\/wp\/wp-json\/wp\/v2\/pages\/37","targetHints":{"allow":["GET"]}}],"collection":[{"href":"https:\/\/eigelsteintorburg.de\/wp\/wp-json\/wp\/v2\/pages"}],"about":[{"href":"https:\/\/eigelsteintorburg.de\/wp\/wp-json\/wp\/v2\/types\/page"}],"author":[{"embeddable":true,"href":"https:\/\/eigelsteintorburg.de\/wp\/wp-json\/wp\/v2\/users\/1"}],"replies":[{"embeddable":true,"href":"https:\/\/eigelsteintorburg.de\/wp\/wp-json\/wp\/v2\/comments?post=37"}],"version-history":[{"count":10,"href":"https:\/\/eigelsteintorburg.de\/wp\/wp-json\/wp\/v2\/pages\/37\/revisions"}],"predecessor-version":[{"id":1269,"href":"https:\/\/eigelsteintorburg.de\/wp\/wp-json\/wp\/v2\/pages\/37\/revisions\/1269"}],"wp:attachment":[{"href":"https:\/\/eigelsteintorburg.de\/wp\/wp-json\/wp\/v2\/media?parent=37"}],"curies":[{"name":"wp","href":"https:\/\/api.w.org\/{rel}","templated":true}]}}