{"id":97,"date":"2018-03-19T11:45:18","date_gmt":"2018-03-19T10:45:18","guid":{"rendered":"http:\/\/stefanflach.de\/etb\/wordpress\/?page_id=97"},"modified":"2026-03-23T12:29:28","modified_gmt":"2026-03-23T11:29:28","slug":"impressum","status":"publish","type":"page","link":"https:\/\/eigelsteintorburg.de\/wp\/impressum\/","title":{"rendered":"Impressum"},"content":{"rendered":"<p><strong>Vertretungsberechtigter Vorstand:<\/strong><\/p>\n<p class=\"p1\">Ulla Oster (Vorsitzende), Monika B\u00f6hmer (stv. Vorsitzende), Nik Grunwald, Tobias Hoffmann, Annette Maye, Kristina Nuss<\/p>\n<p><strong>Inhaltlich Verantwortlicher gem\u00e4\u00df \u00a7 10 Absatz 3 MDStV:<\/strong><\/p>\n<p>Offene Jazz Haus Schule e. V.<\/p>\n<p>Eigelsteintorburg<br \/>\n50668 K\u00f6ln<\/p>\n<p><strong>Telefon:<\/strong>\u00a0+49 221 130565-24<\/p>\n<p><strong>E-Mail:<\/strong>\u00a0offene(at)jazzhausschule.de<\/p>\n<p><strong>Haftungshinweis:<\/strong><br \/>\nTrotz sorgf\u00e4ltiger inhaltlicher Kontrolle \u00fcbernehmen wir keine Haftung f\u00fcr die Inhalte externer Links. F\u00fcr den Inhalt der verlinkten Seiten sind ausschlie\u00dflich deren Betreiber verantwortlich.<\/p>\n<p><strong>Bildnachweis:<\/strong><br \/>\nAlle Fotos von Stefan Flach, Rainer Linke<br \/>\nau\u00dfer Galerie, Ansicht von S\u00fcden, Toiletten: Axel Hausberg<\/p>\n<p><strong>Gestaltung und Realisierung:<\/strong><br \/>\nStefan Flach<br \/>\n<a href=\"http:\/\/www.filter-design.de\">www.filter-design.de<\/a><\/p>\n<p><strong>Koordination:<\/strong><br \/>\nMCT Rolf Monitor<br \/>\n<a href=\"mailto:post@rolfmonitor.de\">post@rolfmonitor.de<\/a><\/p>\n","protected":false},"excerpt":{"rendered":"<p>Vertretungsberechtigter Vorstand: Ulla Oster (Vorsitzende), Monika B\u00f6hmer (stv. Vorsitzende), Nik Grunwald, Tobias Hoffmann, Annette Maye, Kristina Nuss Inhaltlich Verantwortlicher gem\u00e4\u00df \u00a7 10 Absatz 3 MDStV: Offene Jazz Haus Schule e. V. Eigelsteintorburg 50668 K\u00f6ln Telefon:\u00a0+49 221 130565-24 E-Mail:\u00a0offene(at)jazzhausschule.de Haftungshinweis: Trotz sorgf\u00e4ltiger inhaltlicher Kontrolle \u00fcbernehmen wir keine Haftung f\u00fcr die Inhalte externer Links. F\u00fcr den Inhalt [&hellip;]<\/p>\n","protected":false},"author":1,"featured_media":0,"parent":0,"menu_order":0,"comment_status":"closed","ping_status":"closed","template":"","meta":{"footnotes":""},"class_list":["post-97","page","type-page","status-publish","hentry","post-preview"],"jetpack_sharing_enabled":true,"jetpack_shortlink":"https:\/\/wp.me\/P9Q4RE-1z","_links":{"self":[{"href":"https:\/\/eigelsteintorburg.de\/wp\/wp-json\/wp\/v2\/pages\/97","targetHints":{"allow":["GET"]}}],"collection":[{"href":"https:\/\/eigelsteintorburg.de\/wp\/wp-json\/wp\/v2\/pages"}],"about":[{"href":"https:\/\/eigelsteintorburg.de\/wp\/wp-json\/wp\/v2\/types\/page"}],"author":[{"embeddable":true,"href":"https:\/\/eigelsteintorburg.de\/wp\/wp-json\/wp\/v2\/users\/1"}],"replies":[{"embeddable":true,"href":"https:\/\/eigelsteintorburg.de\/wp\/wp-json\/wp\/v2\/comments?post=97"}],"version-history":[{"count":9,"href":"https:\/\/eigelsteintorburg.de\/wp\/wp-json\/wp\/v2\/pages\/97\/revisions"}],"predecessor-version":[{"id":1402,"href":"https:\/\/eigelsteintorburg.de\/wp\/wp-json\/wp\/v2\/pages\/97\/revisions\/1402"}],"wp:attachment":[{"href":"https:\/\/eigelsteintorburg.de\/wp\/wp-json\/wp\/v2\/media?parent=97"}],"curies":[{"name":"wp","href":"https:\/\/api.w.org\/{rel}","templated":true}]}}